{"id":146,"date":"2025-03-26T15:23:00","date_gmt":"2025-03-26T14:23:00","guid":{"rendered":"https:\/\/jeuxdepaume.be\/?page_id=146"},"modified":"2025-04-25T09:38:19","modified_gmt":"2025-04-25T07:38:19","slug":"accueil","status":"publish","type":"page","link":"https:\/\/jeuxdepaume.be\/","title":{"rendered":"Accueil"},"content":{"rendered":"\t\t<div data-elementor-type=\"wp-page\" data-elementor-id=\"146\" class=\"elementor elementor-146\" data-elementor-post-type=\"page\">\n\t\t\t\t<div class=\"elementor-element elementor-element-52ad808 e-flex e-con-boxed e-con e-parent\" data-id=\"52ad808\" data-element_type=\"container\" data-settings=\"{&quot;background_background&quot;:&quot;slideshow&quot;,&quot;background_slideshow_gallery&quot;:[{&quot;id&quot;:65,&quot;url&quot;:&quot;http:\\\/\\\/jeuxdepaume.be\\\/wp-content\\\/uploads\\\/2025\\\/03\\\/cropped-FJDP-landing-page.png&quot;}],&quot;background_slideshow_loop&quot;:&quot;yes&quot;,&quot;background_slideshow_slide_duration&quot;:5000,&quot;background_slideshow_slide_transition&quot;:&quot;fade&quot;,&quot;background_slideshow_transition_duration&quot;:500}\">\n\t\t\t\t\t<div class=\"e-con-inner\">\n\t\t<div class=\"elementor-element elementor-element-7991abc e-con-full e-flex e-con e-child\" data-id=\"7991abc\" data-element_type=\"container\">\n\t\t\t\t<\/div>\n\t\t<div class=\"elementor-element elementor-element-dc66e9e e-con-full e-flex e-con e-child\" data-id=\"dc66e9e\" data-element_type=\"container\">\n\t\t\t\t<\/div>\n\t\t<div class=\"elementor-element elementor-element-df6a38f e-con-full e-flex e-con e-child\" data-id=\"df6a38f\" data-element_type=\"container\">\n\t\t\t\t<div class=\"elementor-element elementor-element-8bcb454 elementor-widget elementor-widget-image\" data-id=\"8bcb454\" data-element_type=\"widget\" data-widget_type=\"image.default\">\n\t\t\t\t<div class=\"elementor-widget-container\">\n\t\t\t\t\t\t\t\t\t\t\t\t\t\t\t<img decoding=\"async\" width=\"150\" height=\"150\" src=\"https:\/\/jeuxdepaume.be\/wp-content\/uploads\/2025\/03\/Design-sans-titre-1-150x150.png\" class=\"attachment-thumbnail size-thumbnail wp-image-311\" alt=\"\" srcset=\"https:\/\/jeuxdepaume.be\/wp-content\/uploads\/2025\/03\/Design-sans-titre-1-150x150.png 150w, https:\/\/jeuxdepaume.be\/wp-content\/uploads\/2025\/03\/Design-sans-titre-1-300x300.png 300w, https:\/\/jeuxdepaume.be\/wp-content\/uploads\/2025\/03\/Design-sans-titre-1-1024x1024.png 1024w, https:\/\/jeuxdepaume.be\/wp-content\/uploads\/2025\/03\/Design-sans-titre-1-768x768.png 768w, https:\/\/jeuxdepaume.be\/wp-content\/uploads\/2025\/03\/Design-sans-titre-1-1536x1536.png 1536w, https:\/\/jeuxdepaume.be\/wp-content\/uploads\/2025\/03\/Design-sans-titre-1.png 1600w\" sizes=\"(max-width: 150px) 100vw, 150px\" \/>\t\t\t\t\t\t\t\t\t\t\t\t\t\t\t<\/div>\n\t\t\t\t<\/div>\n\t\t\t\t<div class=\"elementor-element elementor-element-02df3fa elementor-widget__width-inherit elementor-widget elementor-widget-heading\" data-id=\"02df3fa\" data-element_type=\"widget\" data-widget_type=\"heading.default\">\n\t\t\t\t<div class=\"elementor-widget-container\">\n\t\t\t\t\t<h2 class=\"elementor-heading-title elementor-size-default\">Jeux de Paume<\/h2>\t\t\t\t<\/div>\n\t\t\t\t<\/div>\n\t\t\t\t<div class=\"elementor-element elementor-element-9388f3d elementor-widget elementor-widget-heading\" data-id=\"9388f3d\" data-element_type=\"widget\" data-widget_type=\"heading.default\">\n\t\t\t\t<div class=\"elementor-widget-container\">\n\t\t\t\t\t<h2 class=\"elementor-heading-title elementor-size-default\">Bruxelles - Wallonie<\/h2>\t\t\t\t<\/div>\n\t\t\t\t<\/div>\n\t\t\t\t<\/div>\n\t\t<div class=\"elementor-element elementor-element-c706e36 e-con-full e-flex e-con e-child\" data-id=\"c706e36\" data-element_type=\"container\">\n\t\t\t\t<div class=\"elementor-element elementor-element-07f6c5f elementor-align-center elementor-widget elementor-widget-button\" data-id=\"07f6c5f\" data-element_type=\"widget\" data-widget_type=\"button.default\">\n\t\t\t\t<div class=\"elementor-widget-container\">\n\t\t\t\t\t\t\t\t\t<div class=\"elementor-button-wrapper\">\n\t\t\t\t\t<a class=\"elementor-button elementor-button-link elementor-size-sm\" href=\"https:\/\/jeuxdepaume.be\/index.php\/trouver-un-club\/\">\n\t\t\t\t\t\t<span class=\"elementor-button-content-wrapper\">\n\t\t\t\t\t\t\t\t\t<span class=\"elementor-button-text\">Trouver un cercle<\/span>\n\t\t\t\t\t<\/span>\n\t\t\t\t\t<\/a>\n\t\t\t\t<\/div>\n\t\t\t\t\t\t\t\t<\/div>\n\t\t\t\t<\/div>\n\t\t\t\t<div class=\"elementor-element elementor-element-c4f33bb elementor-widget elementor-widget-text-editor\" data-id=\"c4f33bb\" data-element_type=\"widget\" data-widget_type=\"text-editor.default\">\n\t\t\t\t<div class=\"elementor-widget-container\">\n\t\t\t\t\t\t\t\t\t<p><span class=\"OYPEnA font-feature-liga-off font-feature-clig-off font-feature-calt-off text-decoration-none text-strikethrough-none\" style=\"font-weight: 600; font-kerning: none;\">\u00c0 la recherche d\u2019un cercle ? Cliquez pour trouver celui qui est pr\u00e8s de chez vous.<\/span><\/p>\t\t\t\t\t\t\t\t<\/div>\n\t\t\t\t<\/div>\n\t\t\t\t<div class=\"elementor-element elementor-element-d0c8bf9 elementor-widget elementor-widget-spacer\" data-id=\"d0c8bf9\" data-element_type=\"widget\" data-widget_type=\"spacer.default\">\n\t\t\t\t<div class=\"elementor-widget-container\">\n\t\t\t\t\t\t\t<div class=\"elementor-spacer\">\n\t\t\t<div class=\"elementor-spacer-inner\"><\/div>\n\t\t<\/div>\n\t\t\t\t\t\t<\/div>\n\t\t\t\t<\/div>\n\t\t\t\t<\/div>\n\t\t<div class=\"elementor-element elementor-element-baf2ce1 e-con-full e-flex e-con e-child\" data-id=\"baf2ce1\" data-element_type=\"container\">\n\t\t\t\t<div class=\"elementor-element elementor-element-dc5f7dc elementor-align-center elementor-widget elementor-widget-button\" data-id=\"dc5f7dc\" data-element_type=\"widget\" data-widget_type=\"button.default\">\n\t\t\t\t<div class=\"elementor-widget-container\">\n\t\t\t\t\t\t\t\t\t<div class=\"elementor-button-wrapper\">\n\t\t\t\t\t<a class=\"elementor-button elementor-button-link elementor-size-sm\" href=\"https:\/\/jeuxdepaume.be\/index.php\/signerlapetition\/\">\n\t\t\t\t\t\t<span class=\"elementor-button-content-wrapper\">\n\t\t\t\t\t\t\t\t\t<span class=\"elementor-button-text\">Participer \u00e0 la p\u00e9tition<\/span>\n\t\t\t\t\t<\/span>\n\t\t\t\t\t<\/a>\n\t\t\t\t<\/div>\n\t\t\t\t\t\t\t\t<\/div>\n\t\t\t\t<\/div>\n\t\t\t\t<div class=\"elementor-element elementor-element-24a3fdb elementor-widget elementor-widget-text-editor\" data-id=\"24a3fdb\" data-element_type=\"widget\" data-widget_type=\"text-editor.default\">\n\t\t\t\t<div class=\"elementor-widget-container\">\n\t\t\t\t\t\t\t\t\t<p><span class=\"OYPEnA font-feature-liga-off font-feature-clig-off font-feature-calt-off text-decoration-none text-strikethrough-none\">Nous vous invitons \u00e0 soutenir la reconnaissance\u00a0<\/span>de la balle pelote par l\u2019UNESCO pour pr\u00e9server et transmettre cet h\u00e9ritage culturel unique.<\/p>\t\t\t\t\t\t\t\t<\/div>\n\t\t\t\t<\/div>\n\t\t\t\t<div class=\"elementor-element elementor-element-411ce53 elementor-widget elementor-widget-spacer\" data-id=\"411ce53\" data-element_type=\"widget\" data-widget_type=\"spacer.default\">\n\t\t\t\t<div class=\"elementor-widget-container\">\n\t\t\t\t\t\t\t<div class=\"elementor-spacer\">\n\t\t\t<div class=\"elementor-spacer-inner\"><\/div>\n\t\t<\/div>\n\t\t\t\t\t\t<\/div>\n\t\t\t\t<\/div>\n\t\t\t\t<\/div>\n\t\t<div class=\"elementor-element elementor-element-526d9a5 e-con-full e-flex e-con e-child\" data-id=\"526d9a5\" data-element_type=\"container\">\n\t\t\t\t<div class=\"elementor-element elementor-element-eb43bc4 elementor-align-center elementor-widget elementor-widget-button\" data-id=\"eb43bc4\" data-element_type=\"widget\" data-widget_type=\"button.default\">\n\t\t\t\t<div class=\"elementor-widget-container\">\n\t\t\t\t\t\t\t\t\t<div class=\"elementor-button-wrapper\">\n\t\t\t\t\t<a class=\"elementor-button elementor-button-link elementor-size-sm\" href=\"https:\/\/jeuxdepaume.be\/index.php\/participer-a-letude\/\">\n\t\t\t\t\t\t<span class=\"elementor-button-content-wrapper\">\n\t\t\t\t\t\t\t\t\t<span class=\"elementor-button-text\">Participer \u00e0 notre \u00e9tude<\/span>\n\t\t\t\t\t<\/span>\n\t\t\t\t\t<\/a>\n\t\t\t\t<\/div>\n\t\t\t\t\t\t\t\t<\/div>\n\t\t\t\t<\/div>\n\t\t\t\t<div class=\"elementor-element elementor-element-54edf6d elementor-widget elementor-widget-text-editor\" data-id=\"54edf6d\" data-element_type=\"widget\" data-widget_type=\"text-editor.default\">\n\t\t\t\t<div class=\"elementor-widget-container\">\n\t\t\t\t\t\t\t\t\t<p><span>Ce formulaire contient des questions destin\u00e9es aux participants pour les aider \u00e0 se pr\u00e9parer aux ateliers des rencontres de la balle pelote.&nbsp;&nbsp;<\/span><\/p>\t\t\t\t\t\t\t\t<\/div>\n\t\t\t\t<\/div>\n\t\t\t\t<div class=\"elementor-element elementor-element-87cac39 elementor-widget elementor-widget-spacer\" data-id=\"87cac39\" data-element_type=\"widget\" data-widget_type=\"spacer.default\">\n\t\t\t\t<div class=\"elementor-widget-container\">\n\t\t\t\t\t\t\t<div class=\"elementor-spacer\">\n\t\t\t<div class=\"elementor-spacer-inner\"><\/div>\n\t\t<\/div>\n\t\t\t\t\t\t<\/div>\n\t\t\t\t<\/div>\n\t\t\t\t<\/div>\n\t\t\t\t\t<\/div>\n\t\t\t\t<\/div>\n\t\t\t\t<\/div>\n\t\t","protected":false},"excerpt":{"rendered":"<p>Jeux de Paume Bruxelles &#8211; Wallonie Trouver un cercle \u00c0 la recherche d\u2019un cercle ? Cliquez pour trouver celui qui est pr\u00e8s de chez vous. Participer \u00e0 la p\u00e9tition Nous vous invitons \u00e0 soutenir la reconnaissance\u00a0de la balle pelote par l\u2019UNESCO pour pr\u00e9server et transmettre cet h\u00e9ritage culturel unique. Participer \u00e0 notre \u00e9tude Ce formulaire [&hellip;]<\/p>\n","protected":false},"author":1,"featured_media":0,"parent":0,"menu_order":0,"comment_status":"closed","ping_status":"closed","template":"","meta":{"footnotes":""},"class_list":["post-146","page","type-page","status-publish","hentry"],"_links":{"self":[{"href":"https:\/\/jeuxdepaume.be\/index.php\/wp-json\/wp\/v2\/pages\/146","targetHints":{"allow":["GET"]}}],"collection":[{"href":"https:\/\/jeuxdepaume.be\/index.php\/wp-json\/wp\/v2\/pages"}],"about":[{"href":"https:\/\/jeuxdepaume.be\/index.php\/wp-json\/wp\/v2\/types\/page"}],"author":[{"embeddable":true,"href":"https:\/\/jeuxdepaume.be\/index.php\/wp-json\/wp\/v2\/users\/1"}],"replies":[{"embeddable":true,"href":"https:\/\/jeuxdepaume.be\/index.php\/wp-json\/wp\/v2\/comments?post=146"}],"version-history":[{"count":41,"href":"https:\/\/jeuxdepaume.be\/index.php\/wp-json\/wp\/v2\/pages\/146\/revisions"}],"predecessor-version":[{"id":325,"href":"https:\/\/jeuxdepaume.be\/index.php\/wp-json\/wp\/v2\/pages\/146\/revisions\/325"}],"wp:attachment":[{"href":"https:\/\/jeuxdepaume.be\/index.php\/wp-json\/wp\/v2\/media?parent=146"}],"curies":[{"name":"wp","href":"https:\/\/api.w.org\/{rel}","templated":true}]}}