{"id":185,"date":"2025-03-26T16:11:03","date_gmt":"2025-03-26T15:11:03","guid":{"rendered":"https:\/\/jeuxdepaume.be\/?page_id=185"},"modified":"2025-03-27T09:59:19","modified_gmt":"2025-03-27T08:59:19","slug":"signerlapetition","status":"publish","type":"page","link":"https:\/\/jeuxdepaume.be\/index.php\/signerlapetition\/","title":{"rendered":"Signer la p\u00e9tition"},"content":{"rendered":"\t\t<div data-elementor-type=\"wp-page\" data-elementor-id=\"185\" class=\"elementor elementor-185\" data-elementor-post-type=\"page\">\n\t\t\t\t<div class=\"elementor-element elementor-element-8927097 e-flex e-con-boxed e-con e-parent\" data-id=\"8927097\" data-element_type=\"container\" data-settings=\"{&quot;background_background&quot;:&quot;slideshow&quot;,&quot;background_slideshow_gallery&quot;:[{&quot;id&quot;:187,&quot;url&quot;:&quot;http:\\\/\\\/jeuxdepaume.be\\\/wp-content\\\/uploads\\\/2025\\\/03\\\/FJDP-landing-page-2.png&quot;}],&quot;background_slideshow_loop&quot;:&quot;yes&quot;,&quot;background_slideshow_slide_duration&quot;:5000,&quot;background_slideshow_slide_transition&quot;:&quot;fade&quot;,&quot;background_slideshow_transition_duration&quot;:500}\">\n\t\t\t\t\t<div class=\"e-con-inner\">\n\t\t<div class=\"elementor-element elementor-element-485e7fb e-con-full e-flex e-con e-child\" data-id=\"485e7fb\" data-element_type=\"container\">\n\t\t\t\t<div class=\"elementor-element elementor-element-3535893 elementor-widget elementor-widget-spacer\" data-id=\"3535893\" data-element_type=\"widget\" data-widget_type=\"spacer.default\">\n\t\t\t\t<div class=\"elementor-widget-container\">\n\t\t\t\t\t\t\t<div class=\"elementor-spacer\">\n\t\t\t<div class=\"elementor-spacer-inner\"><\/div>\n\t\t<\/div>\n\t\t\t\t\t\t<\/div>\n\t\t\t\t<\/div>\n\t\t\t\t<div class=\"elementor-element elementor-element-cb71ebb elementor-widget elementor-widget-heading\" data-id=\"cb71ebb\" data-element_type=\"widget\" data-widget_type=\"heading.default\">\n\t\t\t\t<div class=\"elementor-widget-container\">\n\t\t\t\t\t<h2 class=\"elementor-heading-title elementor-size-default\">SIGNER LA P\u00c9TITION<\/h2>\t\t\t\t<\/div>\n\t\t\t\t<\/div>\n\t\t\t\t<div class=\"elementor-element elementor-element-d286ddd elementor-widget elementor-widget-image\" data-id=\"d286ddd\" data-element_type=\"widget\" data-widget_type=\"image.default\">\n\t\t\t\t<div class=\"elementor-widget-container\">\n\t\t\t\t\t\t\t\t\t\t\t\t\t\t\t<img decoding=\"async\" width=\"300\" height=\"12\" src=\"https:\/\/jeuxdepaume.be\/wp-content\/uploads\/2025\/03\/Capture-decran-2025-03-26-a-16.06.06-300x12.png\" class=\"attachment-medium size-medium wp-image-189\" alt=\"\" srcset=\"https:\/\/jeuxdepaume.be\/wp-content\/uploads\/2025\/03\/Capture-decran-2025-03-26-a-16.06.06-300x12.png 300w, https:\/\/jeuxdepaume.be\/wp-content\/uploads\/2025\/03\/Capture-decran-2025-03-26-a-16.06.06-768x31.png 768w, https:\/\/jeuxdepaume.be\/wp-content\/uploads\/2025\/03\/Capture-decran-2025-03-26-a-16.06.06.png 856w\" sizes=\"(max-width: 300px) 100vw, 300px\" \/>\t\t\t\t\t\t\t\t\t\t\t\t\t\t\t<\/div>\n\t\t\t\t<\/div>\n\t\t\t\t<div class=\"elementor-element elementor-element-3c4e16f elementor-widget elementor-widget-text-editor\" data-id=\"3c4e16f\" data-element_type=\"widget\" data-widget_type=\"text-editor.default\">\n\t\t\t\t<div class=\"elementor-widget-container\">\n\t\t\t\t\t\t\t\t\t<p>Soutenez la reconnaissance des Jeux de Paume par l\u2019UNESCO !<\/p><p>Pour pr\u00e9server et promouvoir une part essentielle de notre identit\u00e9 culturelle, nous lan\u00e7ons une p\u00e9tition visant \u00e0 inscrire la balle pelote sur la liste du patrimoine culturel immat\u00e9riel de l\u2019UNESCO.<\/p><p>Cette reconnaissance ne serait pas seulement un hommage \u00e0 cette discipline embl\u00e9matique, mais aussi une \u00e9tape d\u00e9cisive pour garantir leur transmission aux g\u00e9n\u00e9rations futures. Elle permettrait de c\u00e9l\u00e9brer et de p\u00e9renniser les traditions qui unissent nos communaut\u00e9s locales et illustrent la richesse de notre patrimoine.<\/p><p>Comme vous le savez, la balle pelote, bien plus qu\u2019un sport, incarne des si\u00e8cles d\u2019histoire, de culture et de valeurs partag\u00e9es telles que la solidarit\u00e9, le respect et l&#8217;esprit d&#8217;\u00e9quipe. Enracin\u00e9 dans nos traditions, elle rassemble les g\u00e9n\u00e9rations et t\u00e9moignent de l&#8217;\u00e2me collective de notre pays. Sa pr\u00e9servation ne concerne pas seulement la pratique sportive, mais aussi le maintien d&#8217;un lien culturel profond qui m\u00e9rite de continuer \u00e0 vivre et \u00e0 prosp\u00e9rer.<\/p><p>En signant cette p\u00e9tition, vous jouez un r\u00f4le actif pour prot\u00e9ger cet h\u00e9ritage unique.Vous sensibilisez le grand public \u00e0 l\u2019importance de nos jeux traditionnels et participez \u00e0 leur mise en lumi\u00e8re sur la sc\u00e8ne internationale. Mobilisons-nous pour faire rayonner la balle pelote et assurer son avenir.<\/p><p>Chaque signature compte ! D\u2019avance UN GRAND MERCI.<\/p>\t\t\t\t\t\t\t\t<\/div>\n\t\t\t\t<\/div>\n\t\t\t\t<\/div>\n\t\t<div class=\"elementor-element elementor-element-2a1199d e-con-full e-flex e-con e-child\" data-id=\"2a1199d\" data-element_type=\"container\">\n\t\t\t\t<div class=\"elementor-element elementor-element-b742ede elementor-widget elementor-widget-spacer\" data-id=\"b742ede\" data-element_type=\"widget\" data-widget_type=\"spacer.default\">\n\t\t\t\t<div class=\"elementor-widget-container\">\n\t\t\t\t\t\t\t<div class=\"elementor-spacer\">\n\t\t\t<div class=\"elementor-spacer-inner\"><\/div>\n\t\t<\/div>\n\t\t\t\t\t\t<\/div>\n\t\t\t\t<\/div>\n\t\t\t\t<div class=\"elementor-element elementor-element-b59ba3b elementor-widget elementor-widget-wpforms\" data-id=\"b59ba3b\" data-element_type=\"widget\" data-widget_type=\"wpforms.default\">\n\t\t\t\t<div class=\"elementor-widget-container\">\n\t\t\t\t\t<style id=\"wpforms-css-vars-elementor-widget-b59ba3b\">\n\t\t\t\t.elementor-widget-wpforms.elementor-element-b59ba3b {\n\t\t\t\t--wpforms-field-background-color: #FFFFFF;\n--wpforms-field-text-color: #FFFCFCB3;\n--wpforms-label-color: #FFFDFDD9;\n--wpforms-field-size-input-height: 31px;\n--wpforms-field-size-input-spacing: 10px;\n--wpforms-field-size-font-size: 14px;\n--wpforms-field-size-line-height: 17px;\n--wpforms-field-size-padding-h: 9px;\n--wpforms-field-size-checkbox-size: 14px;\n--wpforms-field-size-sublabel-spacing: 5px;\n--wpforms-field-size-icon-size: 0.75;\n--wpforms-label-size-font-size: 16px;\n--wpforms-label-size-line-height: 19px;\n--wpforms-label-size-sublabel-font-size: 14px;\n--wpforms-label-size-sublabel-line-height: 17px;\n--wpforms-button-size-font-size: 17px;\n--wpforms-button-size-height: 41px;\n--wpforms-button-size-padding-h: 15px;\n--wpforms-button-size-margin-top: 10px;\n\n\t\t\t}\n\t\t\t<\/style><div class=\"wpforms-container wpforms-container-full wpforms-render-modern\" id=\"wpforms-168\"><form id=\"wpforms-form-168\" class=\"wpforms-validate wpforms-form wpforms-ajax-form\" data-formid=\"168\" method=\"post\" enctype=\"multipart\/form-data\" action=\"\/index.php\/wp-json\/wp\/v2\/pages\/185\" data-token=\"afc215c0c13d241eb7db9dbb697622ea\" data-token-time=\"1776218237\"><noscript class=\"wpforms-error-noscript\">Please enable JavaScript in your browser to complete this form.<\/noscript><div class=\"wpforms-hidden\" id=\"wpforms-error-noscript\">Please enable JavaScript in your browser to complete this form.<\/div><div class=\"wpforms-field-container\"><div id=\"wpforms-168-field_1-container\" class=\"wpforms-field wpforms-field-name\" data-field-id=\"1\"><fieldset><legend class=\"wpforms-field-label\">Pr\u00e9nom et Nom  <span class=\"wpforms-required-label\" aria-hidden=\"true\">*<\/span><\/legend><div class=\"wpforms-field-row wpforms-field-medium\"><div class=\"wpforms-field-row-block wpforms-first wpforms-one-half\"><input type=\"text\" id=\"wpforms-168-field_1\" class=\"wpforms-field-name-first wpforms-field-required\" name=\"wpforms[fields][1][first]\" aria-errormessage=\"wpforms-168-field_1-error\" required><label for=\"wpforms-168-field_1\" class=\"wpforms-field-sublabel after\">First<\/label><\/div><div class=\"wpforms-field-row-block wpforms-one-half\"><input type=\"text\" id=\"wpforms-168-field_1-last\" class=\"wpforms-field-name-last wpforms-field-required\" name=\"wpforms[fields][1][last]\" aria-errormessage=\"wpforms-168-field_1-last-error\" required><label for=\"wpforms-168-field_1-last\" class=\"wpforms-field-sublabel after\">Last<\/label><\/div><\/div><\/fieldset><\/div><div id=\"wpforms-168-field_8-container\" class=\"wpforms-field wpforms-field-email\" data-field-id=\"8\"><label class=\"wpforms-field-label\" for=\"wpforms-168-field_8\">Email <span class=\"wpforms-required-label\" aria-hidden=\"true\">*<\/span><\/label><input type=\"email\" id=\"wpforms-168-field_8\" class=\"wpforms-field-medium wpforms-field-required\" name=\"wpforms[fields][8]\" spellcheck=\"false\" aria-errormessage=\"wpforms-168-field_8-error\" required><\/div><div id=\"wpforms-168-field_7-container\" class=\"wpforms-field wpforms-field-textarea\" data-field-id=\"7\"><label class=\"wpforms-field-label\" for=\"wpforms-168-field_7\">Date de naissance<\/label><textarea id=\"wpforms-168-field_7\" class=\"wpforms-field-small\" name=\"wpforms[fields][7]\" aria-errormessage=\"wpforms-168-field_7-error\" ><\/textarea><\/div><div id=\"wpforms-168-field_11-container\" class=\"wpforms-field wpforms-field-textarea\" data-field-id=\"11\"><label class=\"wpforms-field-label\" for=\"wpforms-168-field_11\">T\u00e9l\u00e9phone<\/label><textarea id=\"wpforms-168-field_11\" class=\"wpforms-field-small\" name=\"wpforms[fields][11]\" aria-errormessage=\"wpforms-168-field_11-error\" ><\/textarea><\/div><div id=\"wpforms-168-field_12-container\" class=\"wpforms-field wpforms-field-textarea\" data-field-id=\"12\"><label class=\"wpforms-field-label\" for=\"wpforms-168-field_12\">Code postal<\/label><textarea id=\"wpforms-168-field_12\" class=\"wpforms-field-small\" name=\"wpforms[fields][12]\" aria-errormessage=\"wpforms-168-field_12-error\" ><\/textarea><\/div><\/div><!-- .wpforms-field-container --><div class=\"wpforms-submit-container\" ><input type=\"hidden\" name=\"wpforms[id]\" value=\"168\"><input type=\"hidden\" name=\"page_title\" value=\"\"><input type=\"hidden\" name=\"page_url\" value=\"https:\/\/jeuxdepaume.be\/index.php\/wp-json\/wp\/v2\/pages\/185\"><input type=\"hidden\" name=\"url_referer\" value=\"\"><button type=\"submit\" name=\"wpforms[submit]\" id=\"wpforms-submit-168\" class=\"wpforms-submit\" data-alt-text=\"Sending...\" data-submit-text=\"J&#039;ajoute mon nom\" aria-live=\"assertive\" value=\"wpforms-submit\">J&#039;ajoute mon nom<\/button><img decoding=\"async\" src=\"https:\/\/jeuxdepaume.be\/wp-content\/plugins\/wpforms\/assets\/images\/submit-spin.svg\" class=\"wpforms-submit-spinner\" style=\"display: none;\" width=\"26\" height=\"26\" alt=\"Loading\"><\/div><\/form><\/div>  <!-- .wpforms-container -->\t\t\t\t<\/div>\n\t\t\t\t<\/div>\n\t\t\t\t<div class=\"elementor-element elementor-element-e287e55 elementor-widget elementor-widget-text-editor\" data-id=\"e287e55\" data-element_type=\"widget\" data-widget_type=\"text-editor.default\">\n\t\t\t\t<div class=\"elementor-widget-container\">\n\t\t\t\t\t\t\t\t\t<p><span class=\"OYPEnA\">Cette page est s\u00e9curis\u00e9e. Jeux de Paume prot\u00e8ge vos informations personnelles et ne les partage pas avec des tiers \u00e0 fins commerciales. En soumettant le formulaire, vous acceptez notre politique de vie priv\u00e9e et nos conditions g\u00e9n\u00e9rales.<\/span><\/p>\t\t\t\t\t\t\t\t<\/div>\n\t\t\t\t<\/div>\n\t\t\t\t<\/div>\n\t\t\t\t\t<\/div>\n\t\t\t\t<\/div>\n\t\t\t\t<\/div>\n\t\t","protected":false},"excerpt":{"rendered":"<p>SIGNER LA P\u00c9TITION Soutenez la reconnaissance des Jeux de Paume par l\u2019UNESCO ! Pour pr\u00e9server et promouvoir une part essentielle de notre identit\u00e9 culturelle, nous lan\u00e7ons une p\u00e9tition visant \u00e0 inscrire la balle pelote sur la liste du patrimoine culturel immat\u00e9riel de l\u2019UNESCO. Cette reconnaissance ne serait pas seulement un hommage \u00e0 cette discipline embl\u00e9matique, [&hellip;]<\/p>\n","protected":false},"author":2,"featured_media":0,"parent":0,"menu_order":0,"comment_status":"closed","ping_status":"closed","template":"","meta":{"footnotes":""},"class_list":["post-185","page","type-page","status-publish","hentry"],"_links":{"self":[{"href":"https:\/\/jeuxdepaume.be\/index.php\/wp-json\/wp\/v2\/pages\/185","targetHints":{"allow":["GET"]}}],"collection":[{"href":"https:\/\/jeuxdepaume.be\/index.php\/wp-json\/wp\/v2\/pages"}],"about":[{"href":"https:\/\/jeuxdepaume.be\/index.php\/wp-json\/wp\/v2\/types\/page"}],"author":[{"embeddable":true,"href":"https:\/\/jeuxdepaume.be\/index.php\/wp-json\/wp\/v2\/users\/2"}],"replies":[{"embeddable":true,"href":"https:\/\/jeuxdepaume.be\/index.php\/wp-json\/wp\/v2\/comments?post=185"}],"version-history":[{"count":21,"href":"https:\/\/jeuxdepaume.be\/index.php\/wp-json\/wp\/v2\/pages\/185\/revisions"}],"predecessor-version":[{"id":307,"href":"https:\/\/jeuxdepaume.be\/index.php\/wp-json\/wp\/v2\/pages\/185\/revisions\/307"}],"wp:attachment":[{"href":"https:\/\/jeuxdepaume.be\/index.php\/wp-json\/wp\/v2\/media?parent=185"}],"curies":[{"name":"wp","href":"https:\/\/api.w.org\/{rel}","templated":true}]}}